{"id":1521,"date":"2023-08-02T09:03:05","date_gmt":"2023-08-02T12:03:05","guid":{"rendered":"https:\/\/megh.com.br\/?page_id=1521"},"modified":"2026-01-09T09:29:09","modified_gmt":"2026-01-09T12:29:09","slug":"noticias","status":"publish","type":"page","link":"https:\/\/megh.com.br\/?page_id=1521","title":{"rendered":"Not\u00edcias"},"content":{"rendered":"<!-- wp:themify-builder\/canvas \/-->\n\n\n\n\n\n\n<p><\/p>\n","protected":false},"excerpt":{"rendered":"","protected":false},"author":1,"featured_media":0,"parent":0,"menu_order":0,"comment_status":"closed","ping_status":"closed","template":"","meta":{"content-type":"","footnotes":""},"class_list":["post-1521","page","type-page","status-publish","hentry","has-post-title","has-post-date","has-post-category","has-post-tag","has-post-comment","has-post-author",""],"aioseo_notices":[],"builder_content":"<ul id=\"menu-noticias\"><li id=\"menu-item-1525\"><a href=\"?page_id=1521#Feiras\">Participa\u00e7\u00f5es em feiras<\/a><\/li> <li id=\"menu-item-1526\"><a href=\"?page_id=1521#Congressos\">Participa\u00e7\u00f5es em congressos e eventos<\/a><\/li> <li id=\"menu-item-2526\"><a href=\"?page_id=1521#Sociais\">A\u00e7\u00f5es Sociais<\/a><\/li> <li id=\"menu-item-4715\"><a href=\"?page_id=1521#Salarial\">Igualdade Salarial<\/a><\/li> <\/ul>\n<h3>Participa\u00e7\u00f5es em Feiras<\/h3><ul><li><h4>ABRAFATI 2023<\/h4><p><a href=\"https:\/\/abrafati.com.br\/\" target=\"_new\"><img src=\"https:\/\/megh.com.br\/wp-content\/uploads\/2023\/08\/Logo_Abrafati.png\" alt=\"\" width=\"152\" height=\"64\" border=\"0\" \/><\/a><\/p> <p>[Best_Wordpress_Gallery id=\"17\" gal_title=\"ABRAFATI 2023\"]<\/p> <\/li><li><h4>ABRAFATI 2022<\/h4><p><a href=\"https:\/\/abrafati.com.br\/\" target=\"_new\"><img src=\"https:\/\/megh.com.br\/wp-content\/uploads\/2023\/08\/Logo_Abrafati.png\" alt=\"\" width=\"152\" height=\"64\" border=\"0\" \/><\/a><\/p> <p>[Best_Wordpress_Gallery id=\"2\" gal_title=\"ABRAFATI 2022\"]<\/p><\/li><li><h4>CHINAPLAS 2019 <\/h4><p><a href=\"https:\/\/www.chinaplasonline.com\/\" target=\"_new\"><img src=\"https:\/\/megh.com.br\/wp-content\/uploads\/2023\/08\/logo-chinaplast.png\" alt=\"\" width=\"175\" height=\"90\" border=\"0\" \/><\/a><\/p> <p>[Best_Wordpress_Gallery id=\"16\" gal_title=\"CHINAPLAS 2019\"]<\/p><\/li><li><h4>CHINAPLAS 2017<\/h4><p><a href=\"https:\/\/www.chinaplasonline.com\/\" target=\"_new\"><img src=\"https:\/\/megh.com.br\/wp-content\/uploads\/2023\/08\/logo-chinaplast.png\" alt=\"\" width=\"175\" height=\"90\" border=\"0\" \/><\/a><\/p> <p>[Best_Wordpress_Gallery id=\"5\" gal_title=\"CHINAPLAS\"]<\/p><\/li><li><h4>ABRAFATI 2013<\/h4><p><a href=\"https:\/\/abrafati.com.br\/\" target=\"_new\"><img src=\"https:\/\/megh.com.br\/wp-content\/uploads\/2023\/08\/Logo_Abrafati.png\" alt=\"\" width=\"152\" height=\"64\" border=\"0\" \/><\/a><\/p> <p>[Best_Wordpress_Gallery id=\"3\" gal_title=\"ABRAFATI 2013\"]<\/p><\/li><li><h4>ABRAFATI 2009<\/h4><p><a href=\"https:\/\/abrafati.com.br\/\" target=\"_new\"><img src=\"https:\/\/megh.com.br\/wp-content\/uploads\/2023\/08\/Logo_Abrafati.png\" alt=\"\" width=\"152\" height=\"64\" border=\"0\" \/><\/a><\/p> <p>[Best_Wordpress_Gallery id=\"4\" gal_title=\"ABRAFATI 2009\"]<\/p><\/li><\/ul>\n<a href=\"#Congressos\" id=\"btn_class_n1\"> <em><svg aria-hidden=\"true\"><use href=\"#tf-fas-caret-down\"><\/use><\/svg><\/em> <\/a>\n<ul id=\"menu-noticias\"><li id=\"menu-item-1525\"><a href=\"?page_id=1521#Feiras\">Participa\u00e7\u00f5es em feiras<\/a><\/li> <li id=\"menu-item-1526\"><a href=\"?page_id=1521#Congressos\">Participa\u00e7\u00f5es em congressos e eventos<\/a><\/li> <li id=\"menu-item-2526\"><a href=\"?page_id=1521#Sociais\">A\u00e7\u00f5es Sociais<\/a><\/li> <li id=\"menu-item-4715\"><a href=\"?page_id=1521#Salarial\">Igualdade Salarial<\/a><\/li> <\/ul>\n<h3>Participa\u00e7\u00f5es em Congressos e Eventos<\/h3><ul><li><h4>AMEA BLW 2017<\/h4><p><a href=\"https:\/\/petrosil.com\/conferences.php\" target=\"_blank\"><img src=\"https:\/\/megh.com.br\/wp-content\/uploads\/2023\/10\/argus-amea.png\" alt=\"\" border=\"0\" \/><\/a><\/p> <p>[Best_Wordpress_Gallery id=\"9\" gal_title=\"AMEA BLW\"]<\/p> <\/li><li><h4>ARGUS 2015<\/h4><p><a href=\"https:\/\/www.argusmedia.com\/en\/conferences-events-listing\" target=\"_blank\"><img src=\"https:\/\/megh.com.br\/wp-content\/uploads\/2023\/10\/argus1.png\" alt=\"\" border=\"0\" \/><\/a><\/p> <p>[Best_Wordpress_Gallery id=\"8\" gal_title=\"ARGUS\"]<\/p> <\/li><li><h4>ALAFAVE 2013<\/h4><p><a href=\"https:\/\/alafave.org\/\" target=\"_blank\"><img src=\"https:\/\/megh.com.br\/wp-content\/uploads\/2023\/08\/logo-alafave.png\" alt=\"\" border=\"0\" \/><\/a><\/p> <p>[Best_Wordpress_Gallery id=\"7\" gal_title=\"ALAFAVE\"]<\/p> <\/li><li><h4>ABRAFAVE 2007<\/h4><p><a href=\"https:\/\/web.facebook.com\/abrafave\/\" target=\"_blank\"><img src=\"https:\/\/megh.com.br\/wp-content\/uploads\/2023\/08\/logo-abrafave.jpg\" alt=\"\" \/><\/p> <p>[Best_Wordpress_Gallery id=\"10\" gal_title=\"ABRAFAVE\"]<\/p> <\/li><li><h4>ABRAFAVE 2006<\/h4><p><a href=\"https:\/\/web.facebook.com\/abrafave\/\" target=\"_blank\"><img src=\"https:\/\/megh.com.br\/wp-content\/uploads\/2023\/08\/logo-abrafave.jpg\" alt=\"\" \/><\/p> <p>[Best_Wordpress_Gallery id=\"15\" gal_title=\"ABRAFAVE 2006\"]<\/p> <\/li><\/ul>\n<a href=\"#Sociais\" id=\"btn_class_n2\"> <em><svg aria-hidden=\"true\"><use href=\"#tf-fas-caret-down\"><\/use><\/svg><\/em> <\/a>\n<ul id=\"menu-noticias\"><li id=\"menu-item-1525\"><a href=\"?page_id=1521#Feiras\">Participa\u00e7\u00f5es em feiras<\/a><\/li> <li id=\"menu-item-1526\"><a href=\"?page_id=1521#Congressos\">Participa\u00e7\u00f5es em congressos e eventos<\/a><\/li> <li id=\"menu-item-2526\"><a href=\"?page_id=1521#Sociais\">A\u00e7\u00f5es Sociais<\/a><\/li> <li id=\"menu-item-4715\"><a href=\"?page_id=1521#Salarial\">Igualdade Salarial<\/a><\/li> <\/ul>\n<h3>Projeto \"Crian\u00e7a nas Nuvens\"<\/h3> <p dir=\"auto\">O Projeto \"Crian\u00e7a nas Nuvens,\" uma iniciativa conjunta da British Airways e parceiros, tem um objetivo encantador: realizar os sonhos de 280 crian\u00e7as carentes e com necessidades especiais, proporcionando-lhes a experi\u00eancia \u00fanica de voar.<\/p> <p dir=\"auto\">Esse emocionante passeio, que teve sua primeira edi\u00e7\u00e3o em 2011, aconteceu a bordo do Boeing 747-400 que realiza voos di\u00e1rios da British Airways de S\u00e3o Paulo a Londres. Durante o voo panor\u00e2mico sobre o Rio de Janeiro, as crian\u00e7as vivenciaram momentos de pura alegria.<\/p> <p dir=\"auto\">Essas crian\u00e7as foram selecionadas a partir de ONGs como Casa Ronald ABC, Casa Hope, Funda\u00e7\u00e3o Cafu, Afinando o Futuro com Arte e Lar do Caminho. Durante toda a jornada, artistas volunt\u00e1rios animaram os pequenos, e a tripula\u00e7\u00e3o da British Airways, conhecida por seus tradicionais uniformes azuis, surpreendeu as crian\u00e7as com fantasias e adere\u00e7os.<\/p> <p dir=\"auto\">O sucesso do \"Crian\u00e7a nas Nuvens\" s\u00f3 \u00e9 poss\u00edvel gra\u00e7as \u00e0 dedica\u00e7\u00e3o dos funcion\u00e1rios da British Airways, que atuam como volunt\u00e1rios, e ao apoio fundamental de empresas parceiras que acreditaram e contribu\u00edram para o projeto, fornecendo recursos como combust\u00edvel, taxas de embarque, presentes para as crian\u00e7as e transporte.<\/p> <p dir=\"auto\">Renata Caruso Lorenzo, Gerente de Tripula\u00e7\u00e3o para a Am\u00e9rica Latina da British Airways, destaca: \"Ao realizar este evento, proporcionamos n\u00e3o s\u00f3 uma atividade social para essas crian\u00e7as, mas tamb\u00e9m renovamos esperan\u00e7a e a chance de alcan\u00e7ar um sonho. Este dia j\u00e1 se tornou uma tradi\u00e7\u00e3o para a British Airways, mas a cada ano nos surpreendemos mais com a rea\u00e7\u00e3o dos participantes.\"<\/p> <p dir=\"auto\">Jos\u00e9 Coimbra, Diretor Comercial da British Airways no Brasil, acrescenta: \"Este projeto n\u00e3o apenas oferece uma experi\u00eancia inesquec\u00edvel para as crian\u00e7as, mas tamb\u00e9m refor\u00e7a nossa tradi\u00e7\u00e3o de responsabilidade social. A cada ano, nos emocionamos ainda mais com o impacto positivo que temos na vida desses jovens sonhadores.\"<\/p>\n<a href=\"#Salarial\" id=\"btn_class_n2\"> <em><svg aria-hidden=\"true\"><use href=\"#tf-fas-caret-down\"><\/use><\/svg><\/em> <\/a>\n<noscript><iframe data-no-script src=\"https:\/\/www.youtube.com\/embed\/BHSbl3lrE8A?pip=1&playsinline=1&autohide=1&border=0&wmode=opaque\" allow=\"accelerometer;encrypted-media;gyroscope;picture-in-picture\"><\/iframe><\/noscript>\n<ul id=\"menu-noticias\"><li id=\"menu-item-1525\"><a href=\"?page_id=1521#Feiras\">Participa\u00e7\u00f5es em feiras<\/a><\/li> <li id=\"menu-item-1526\"><a href=\"?page_id=1521#Congressos\">Participa\u00e7\u00f5es em congressos e eventos<\/a><\/li> <li id=\"menu-item-2526\"><a href=\"?page_id=1521#Sociais\">A\u00e7\u00f5es Sociais<\/a><\/li> <li id=\"menu-item-4715\"><a href=\"?page_id=1521#Salarial\">Igualdade Salarial<\/a><\/li> <\/ul>\n<p><a href=\"https:\/\/megh.com.br\/wp-content\/uploads\/2025\/09\/img-megh.png\"><img src=\"https:\/\/megh.com.br\/wp-content\/uploads\/2025\/09\/img-megh-300x211.png\" alt=\"\" width=\"300\" height=\"211\" \/><\/a><\/p>\n<a style=\"text-decoration: underline; color: #009 !important;\" href=\"https:\/\/megh.com.br\/wp-content\/uploads\/2026\/01\/IgualdadeSalarial.pdf\" target=\"_blank\" rel=\"noopener\"> clique aqui para visualizar <\/a> <p>&nbsp;<\/p> <p>&nbsp;<\/p>","_links":{"self":[{"href":"https:\/\/megh.com.br\/index.php?rest_route=\/wp\/v2\/pages\/1521","targetHints":{"allow":["GET"]}}],"collection":[{"href":"https:\/\/megh.com.br\/index.php?rest_route=\/wp\/v2\/pages"}],"about":[{"href":"https:\/\/megh.com.br\/index.php?rest_route=\/wp\/v2\/types\/page"}],"author":[{"embeddable":true,"href":"https:\/\/megh.com.br\/index.php?rest_route=\/wp\/v2\/users\/1"}],"replies":[{"embeddable":true,"href":"https:\/\/megh.com.br\/index.php?rest_route=%2Fwp%2Fv2%2Fcomments&post=1521"}],"version-history":[{"count":175,"href":"https:\/\/megh.com.br\/index.php?rest_route=\/wp\/v2\/pages\/1521\/revisions"}],"predecessor-version":[{"id":4738,"href":"https:\/\/megh.com.br\/index.php?rest_route=\/wp\/v2\/pages\/1521\/revisions\/4738"}],"wp:attachment":[{"href":"https:\/\/megh.com.br\/index.php?rest_route=%2Fwp%2Fv2%2Fmedia&parent=1521"}],"curies":[{"name":"wp","href":"https:\/\/api.w.org\/{rel}","templated":true}]}}