{"id":2370,"date":"2023-08-17T13:10:37","date_gmt":"2023-08-17T16:10:37","guid":{"rendered":"https:\/\/megh.com.br\/?page_id=2370"},"modified":"2025-09-22T16:33:15","modified_gmt":"2025-09-22T19:33:15","slug":"solucoes-ceras-sinteticas","status":"publish","type":"page","link":"https:\/\/megh.com.br\/?page_id=2370","title":{"rendered":"Solu\u00e7\u00f5es &#8211; Ceras Sint\u00e9ticas"},"content":{"rendered":"\n<p><\/p>\n\n\n\n<p><\/p>\n\n\n<!-- wp:themify-builder\/canvas \/-->\n\n\n<p><\/p>\n","protected":false},"excerpt":{"rendered":"","protected":false},"author":1,"featured_media":0,"parent":0,"menu_order":0,"comment_status":"closed","ping_status":"closed","template":"","meta":{"content-type":"","footnotes":""},"class_list":["post-2370","page","type-page","status-publish","hentry","has-post-title","has-post-date","has-post-category","has-post-tag","has-post-comment","has-post-author",""],"aioseo_notices":[],"builder_content":"<a href=\"\/?page_id=1451\" > <em><svg aria-hidden=\"true\"><use href=\"#tf-fas-left-long\"><\/use><\/svg><\/em> Voltar <\/a>\n<h2 style=\"text-align: center;\">Ceras Sint\u00e9ticas<\/h2>\n<p>\u00a0<\/p>\n<ul><li><h4><\/h4><p>[table id=7 \/]<\/p><\/li><\/ul>\n<a href=\"\/?page_id=1451\" > <em><svg aria-hidden=\"true\"><use href=\"#tf-fas-left-long\"><\/use><\/svg><\/em> Voltar <\/a>","_links":{"self":[{"href":"https:\/\/megh.com.br\/index.php?rest_route=\/wp\/v2\/pages\/2370","targetHints":{"allow":["GET"]}}],"collection":[{"href":"https:\/\/megh.com.br\/index.php?rest_route=\/wp\/v2\/pages"}],"about":[{"href":"https:\/\/megh.com.br\/index.php?rest_route=\/wp\/v2\/types\/page"}],"author":[{"embeddable":true,"href":"https:\/\/megh.com.br\/index.php?rest_route=\/wp\/v2\/users\/1"}],"replies":[{"embeddable":true,"href":"https:\/\/megh.com.br\/index.php?rest_route=%2Fwp%2Fv2%2Fcomments&post=2370"}],"version-history":[{"count":45,"href":"https:\/\/megh.com.br\/index.php?rest_route=\/wp\/v2\/pages\/2370\/revisions"}],"predecessor-version":[{"id":4636,"href":"https:\/\/megh.com.br\/index.php?rest_route=\/wp\/v2\/pages\/2370\/revisions\/4636"}],"wp:attachment":[{"href":"https:\/\/megh.com.br\/index.php?rest_route=%2Fwp%2Fv2%2Fmedia&parent=2370"}],"curies":[{"name":"wp","href":"https:\/\/api.w.org\/{rel}","templated":true}]}}